{"id":2691,"date":"2024-07-18T14:58:37","date_gmt":"2024-07-18T13:58:37","guid":{"rendered":"https:\/\/viapribina.sk\/?page_id=2691"},"modified":"2024-07-22T08:46:29","modified_gmt":"2024-07-22T07:46:29","slug":"supported-projects-2023","status":"publish","type":"page","link":"https:\/\/viapribina.sk\/en\/supported-projects-2023\/","title":{"rendered":"Supported projects 2024"},"content":{"rendered":"<h2 class=\"wp-block-heading\">Supported projects 2024<\/h2>\n\n\n\n<p>In the 2024 Grant Call, a record-breaking 186 organizations participated, marking the highest turnout we&#8217;ve ever experienced. Unfortunately, are resources are limited and we are unable to support every organization at this time.<\/p>\n\n\n\n<p>We encourage you to reapply next year as your chances of success may increase. The upcoming grant call will be announced in November 2024.<\/p>\n\n\n\n<p>This year, the Via Pribina Foundation is proud to support the following organizations:<\/p>\n\n\n\n<figure class=\"wp-block-table is-style-stripes\"><table class=\"has-fixed-layout\"><thead><tr><th>Organisation<\/th><th>Region<\/th><th>Grant<\/th><\/tr><\/thead><tbody><tr><td>Napreduj<\/td><td>TN<\/td><td>\u20ac 8,780.00<\/td><\/tr><tr><td>Gr.kat Charita<\/td><td>PO<\/td><td>\u20ac 2,000.00<\/td><\/tr><tr><td>Martinus<\/td><td>BB<\/td><td>\u20ac 6,400.00<\/td><\/tr><tr><td>Robinson<\/td><td>KE<\/td><td>\u20ac 14,020.00<\/td><\/tr><tr><td>Rod Zdr Plickova<\/td><td>BA<\/td><td>\u20ac 5,060.00<\/td><\/tr><tr><td>Orava Spi\u0161 Charita<\/td><td>ZA<\/td><td>\u20ac 14,890.00<\/td><\/tr><tr><td>Zdru\u017eenie priate\u013eov Rados\u0165<\/td><td>KE<\/td><td>\u20ac 3,380.00<\/td><\/tr><tr><td>Slov Kat Charita<\/td><td>KE<\/td><td>\u20ac 10,840.00<\/td><\/tr><tr><td>Arcidiec\u00e9zna Charita KE<\/td><td>KE<\/td><td>\u20ac 6,600.00<\/td><\/tr><tr><td>Prame\u0148 N\u00e1deje<\/td><td>NR<\/td><td>\u20ac 14,905.00<\/td><\/tr><tr><td>Zvierat\u00e1 a \u013eudia navz\u00e1jom<\/td><td>PO<\/td><td>\u20ac 6,750.00<\/td><\/tr><tr><td>Dom Svetla<\/td><td>KE<\/td><td>\u20ac 13,000.00<\/td><\/tr><tr><td>Psi Na \u017eivot<\/td><td>TN<\/td><td>\u20ac 6,740.00<\/td><\/tr><tr><td>Benetrix<\/td><td>ZA<\/td><td>\u20ac 6,820.00<\/td><\/tr><tr><td>Kres\u0165ania v Meste<\/td><td>BA&nbsp;<\/td><td>\u20ac 10,000.00<\/td><\/tr><tr><td>Sv Luiza<\/td><td>TN<\/td><td>\u20ac 2,250.00<\/td><\/tr><tr><td>Jazdeck\u00fd klub Madon<\/td><td>BB<\/td><td>\u20ac 14,490.00<\/td><\/tr><tr><td>Radost<\/td><td>PO<\/td><td>\u20ac 6,910.00<\/td><\/tr><tr><td>Ve\u013ek\u00e9 Lev\u00e1re Reeduka\u010dn\u00e9 centrum<\/td><td>BA<\/td><td>\u20ac 8,160.00<\/td><\/tr><tr><td>Centrum pomoci Dom\u010dek<\/td><td>BB<\/td><td>\u20ac 8,460.00<\/td><\/tr><tr><td>SSC Salezko Sasova<\/td><td>BB<\/td><td>\u20ac 3,400.00<\/td><\/tr><tr><td>N\u00e1dej<\/td><td>BA<\/td><td>\u20ac 14,500.00<\/td><\/tr><tr><td>Pomocn\u00ed\u010dek<\/td><td>NR<\/td><td>\u20ac 13,700.00<\/td><\/tr><tr><td>Deti\u010dky Lastovi\u010dky<\/td><td>KE<\/td><td>\u20ac 6,000.00<\/td><\/tr><tr><td>Lu\u010denec<\/td><td>BB<\/td><td>\u20ac 4,220.00<\/td><\/tr><tr><td>Keramick\u00fd ateli\u00e9r Oknologick\u00ed pacienti<\/td><td>LM<\/td><td>\u20ac 3,320.00<\/td><\/tr><\/tbody><tfoot><tr><td>Total<\/td><td><\/td><td>\u20ac 215,595.00<\/td><\/tr><\/tfoot><\/table><\/figure>","protected":false},"excerpt":{"rendered":"<p>Supported projects 2024 In the 2024 Grant Call, a record-breaking 186 organizations participated, marking the highest turnout we&#8217;ve ever experienced. Unfortunately, are resources are limited&hellip;<\/p>","protected":false},"author":1,"featured_media":0,"parent":0,"menu_order":0,"comment_status":"closed","ping_status":"closed","template":"","meta":{"footnotes":""},"class_list":["post-2691","page","type-page","status-publish","hentry"],"yoast_head":"<!-- This site is optimized with the Yoast SEO plugin v27.4 - https:\/\/yoast.com\/product\/yoast-seo-wordpress\/ -->\n<title>Supported projects 2024 - viapribina<\/title>\n<meta name=\"robots\" content=\"index, follow, max-snippet:-1, max-image-preview:large, max-video-preview:-1\" \/>\n<link rel=\"canonical\" href=\"https:\/\/viapribina.sk\/en\/supported-projects-2023\/\" \/>\n<meta property=\"og:locale\" content=\"en_GB\" \/>\n<meta property=\"og:type\" content=\"article\" \/>\n<meta property=\"og:title\" content=\"Supported projects 2024 - viapribina\" \/>\n<meta property=\"og:description\" content=\"Supported projects 2024 In the 2024 Grant Call, a record-breaking 186 organizations participated, marking the highest turnout we&#8217;ve ever experienced. Unfortunately, are resources are limited&hellip;\" \/>\n<meta property=\"og:url\" content=\"https:\/\/viapribina.sk\/en\/supported-projects-2023\/\" \/>\n<meta property=\"og:site_name\" content=\"viapribina\" \/>\n<meta property=\"article:publisher\" content=\"https:\/\/www.facebook.com\/pr1bina\" \/>\n<meta property=\"article:modified_time\" content=\"2024-07-22T07:46:29+00:00\" \/>\n<meta name=\"twitter:card\" content=\"summary_large_image\" \/>\n<meta name=\"twitter:label1\" content=\"Estimated reading time\" \/>\n\t<meta name=\"twitter:data1\" content=\"1 minute\" \/>\n<script type=\"application\/ld+json\" class=\"yoast-schema-graph\">{\"@context\":\"https:\\\/\\\/schema.org\",\"@graph\":[{\"@type\":\"WebPage\",\"@id\":\"https:\\\/\\\/viapribina.sk\\\/en\\\/supported-projects-2023\\\/\",\"url\":\"https:\\\/\\\/viapribina.sk\\\/en\\\/supported-projects-2023\\\/\",\"name\":\"Supported projects 2024 - viapribina\",\"isPartOf\":{\"@id\":\"https:\\\/\\\/viapribina.sk\\\/en\\\/#website\"},\"datePublished\":\"2024-07-18T13:58:37+00:00\",\"dateModified\":\"2024-07-22T07:46:29+00:00\",\"breadcrumb\":{\"@id\":\"https:\\\/\\\/viapribina.sk\\\/en\\\/supported-projects-2023\\\/#breadcrumb\"},\"inLanguage\":\"en-GB\",\"potentialAction\":[{\"@type\":\"ReadAction\",\"target\":[\"https:\\\/\\\/viapribina.sk\\\/en\\\/supported-projects-2023\\\/\"]}]},{\"@type\":\"BreadcrumbList\",\"@id\":\"https:\\\/\\\/viapribina.sk\\\/en\\\/supported-projects-2023\\\/#breadcrumb\",\"itemListElement\":[{\"@type\":\"ListItem\",\"position\":1,\"name\":\"Home\",\"item\":\"https:\\\/\\\/viapribina.sk\\\/en\\\/\"},{\"@type\":\"ListItem\",\"position\":2,\"name\":\"Supported projects 2024\"}]},{\"@type\":\"WebSite\",\"@id\":\"https:\\\/\\\/viapribina.sk\\\/en\\\/#website\",\"url\":\"https:\\\/\\\/viapribina.sk\\\/en\\\/\",\"name\":\"viapribina\",\"description\":\"Ste na dobrej ceste\",\"publisher\":{\"@id\":\"https:\\\/\\\/viapribina.sk\\\/en\\\/#organization\"},\"potentialAction\":[{\"@type\":\"SearchAction\",\"target\":{\"@type\":\"EntryPoint\",\"urlTemplate\":\"https:\\\/\\\/viapribina.sk\\\/en\\\/?s={search_term_string}\"},\"query-input\":{\"@type\":\"PropertyValueSpecification\",\"valueRequired\":true,\"valueName\":\"search_term_string\"}}],\"inLanguage\":\"en-GB\"},{\"@type\":\"Organization\",\"@id\":\"https:\\\/\\\/viapribina.sk\\\/en\\\/#organization\",\"name\":\"Granvia, a.s.\",\"url\":\"https:\\\/\\\/viapribina.sk\\\/en\\\/\",\"logo\":{\"@type\":\"ImageObject\",\"inLanguage\":\"en-GB\",\"@id\":\"https:\\\/\\\/viapribina.sk\\\/en\\\/#\\\/schema\\\/logo\\\/image\\\/\",\"url\":\"https:\\\/\\\/pr1bina.sk\\\/wp-content\\\/uploads\\\/2022\\\/02\\\/logo.jpg\",\"contentUrl\":\"https:\\\/\\\/pr1bina.sk\\\/wp-content\\\/uploads\\\/2022\\\/02\\\/logo.jpg\",\"width\":180,\"height\":41,\"caption\":\"Granvia, a.s.\"},\"image\":{\"@id\":\"https:\\\/\\\/viapribina.sk\\\/en\\\/#\\\/schema\\\/logo\\\/image\\\/\"},\"sameAs\":[\"https:\\\/\\\/www.facebook.com\\\/pr1bina\",\"https:\\\/\\\/www.linkedin.com\\\/company\\\/pr1bina\"]}]}<\/script>\n<!-- \/ Yoast SEO plugin. -->","yoast_head_json":{"title":"Supported projects 2024 - viapribina","robots":{"index":"index","follow":"follow","max-snippet":"max-snippet:-1","max-image-preview":"max-image-preview:large","max-video-preview":"max-video-preview:-1"},"canonical":"https:\/\/viapribina.sk\/en\/supported-projects-2023\/","og_locale":"en_GB","og_type":"article","og_title":"Supported projects 2024 - viapribina","og_description":"Supported projects 2024 In the 2024 Grant Call, a record-breaking 186 organizations participated, marking the highest turnout we&#8217;ve ever experienced. Unfortunately, are resources are limited&hellip;","og_url":"https:\/\/viapribina.sk\/en\/supported-projects-2023\/","og_site_name":"viapribina","article_publisher":"https:\/\/www.facebook.com\/pr1bina","article_modified_time":"2024-07-22T07:46:29+00:00","twitter_card":"summary_large_image","twitter_misc":{"Estimated reading time":"1 minute"},"schema":{"@context":"https:\/\/schema.org","@graph":[{"@type":"WebPage","@id":"https:\/\/viapribina.sk\/en\/supported-projects-2023\/","url":"https:\/\/viapribina.sk\/en\/supported-projects-2023\/","name":"Supported projects 2024 - viapribina","isPartOf":{"@id":"https:\/\/viapribina.sk\/en\/#website"},"datePublished":"2024-07-18T13:58:37+00:00","dateModified":"2024-07-22T07:46:29+00:00","breadcrumb":{"@id":"https:\/\/viapribina.sk\/en\/supported-projects-2023\/#breadcrumb"},"inLanguage":"en-GB","potentialAction":[{"@type":"ReadAction","target":["https:\/\/viapribina.sk\/en\/supported-projects-2023\/"]}]},{"@type":"BreadcrumbList","@id":"https:\/\/viapribina.sk\/en\/supported-projects-2023\/#breadcrumb","itemListElement":[{"@type":"ListItem","position":1,"name":"Home","item":"https:\/\/viapribina.sk\/en\/"},{"@type":"ListItem","position":2,"name":"Supported projects 2024"}]},{"@type":"WebSite","@id":"https:\/\/viapribina.sk\/en\/#website","url":"https:\/\/viapribina.sk\/en\/","name":"viapribina","description":"Ste na dobrej ceste","publisher":{"@id":"https:\/\/viapribina.sk\/en\/#organization"},"potentialAction":[{"@type":"SearchAction","target":{"@type":"EntryPoint","urlTemplate":"https:\/\/viapribina.sk\/en\/?s={search_term_string}"},"query-input":{"@type":"PropertyValueSpecification","valueRequired":true,"valueName":"search_term_string"}}],"inLanguage":"en-GB"},{"@type":"Organization","@id":"https:\/\/viapribina.sk\/en\/#organization","name":"Granvia, a.s.","url":"https:\/\/viapribina.sk\/en\/","logo":{"@type":"ImageObject","inLanguage":"en-GB","@id":"https:\/\/viapribina.sk\/en\/#\/schema\/logo\/image\/","url":"https:\/\/pr1bina.sk\/wp-content\/uploads\/2022\/02\/logo.jpg","contentUrl":"https:\/\/pr1bina.sk\/wp-content\/uploads\/2022\/02\/logo.jpg","width":180,"height":41,"caption":"Granvia, a.s."},"image":{"@id":"https:\/\/viapribina.sk\/en\/#\/schema\/logo\/image\/"},"sameAs":["https:\/\/www.facebook.com\/pr1bina","https:\/\/www.linkedin.com\/company\/pr1bina"]}]}},"_links":{"self":[{"href":"https:\/\/viapribina.sk\/en\/wp-json\/wp\/v2\/pages\/2691","targetHints":{"allow":["GET"]}}],"collection":[{"href":"https:\/\/viapribina.sk\/en\/wp-json\/wp\/v2\/pages"}],"about":[{"href":"https:\/\/viapribina.sk\/en\/wp-json\/wp\/v2\/types\/page"}],"author":[{"embeddable":true,"href":"https:\/\/viapribina.sk\/en\/wp-json\/wp\/v2\/users\/1"}],"replies":[{"embeddable":true,"href":"https:\/\/viapribina.sk\/en\/wp-json\/wp\/v2\/comments?post=2691"}],"version-history":[{"count":3,"href":"https:\/\/viapribina.sk\/en\/wp-json\/wp\/v2\/pages\/2691\/revisions"}],"predecessor-version":[{"id":2727,"href":"https:\/\/viapribina.sk\/en\/wp-json\/wp\/v2\/pages\/2691\/revisions\/2727"}],"wp:attachment":[{"href":"https:\/\/viapribina.sk\/en\/wp-json\/wp\/v2\/media?parent=2691"}],"curies":[{"name":"wp","href":"https:\/\/api.w.org\/{rel}","templated":true}]}}