{"id":2695,"date":"2024-07-18T16:14:12","date_gmt":"2024-07-18T15:14:12","guid":{"rendered":"https:\/\/viapribina.sk\/?page_id=2695"},"modified":"2024-08-23T13:27:55","modified_gmt":"2024-08-23T12:27:55","slug":"contact-2","status":"publish","type":"page","link":"https:\/\/viapribina.sk\/en\/contact-2\/","title":{"rendered":"Contact"},"content":{"rendered":"<h2 class=\"wp-block-heading\">Contact<\/h2>\n\n\n\n<p><strong>Foundation&nbsp;Via Pribina<br><\/strong>Europeum Business Center, blok A<br>Such\u00e9 m\u00fdto 1<br>811 03 Bratislava&nbsp;<\/p>\n\n\n\n<p>Contact for the Foundation Administrator:<br>Mia Baj\u00e1kov\u00e1<br>e-mail:&nbsp;<a href=\"mailto:mia.bajakova@nadacia-granvia.sk\" target=\"_blank\" rel=\"noreferrer noopener\"><\/a><a href=\"mailto:mia.bajakova@viapribina.sk\">mia.bajakova@viapribina.sk<\/a><br>tel.:&nbsp;0918751645&nbsp;<\/p>\n\n\n\n<h2 class=\"wp-block-heading\">Download Our Logo<\/h2>\n\n\n\n<ul class=\"wp-block-list\">\n<li><a href=\"https:\/\/viapribina.sk\/wp-content\/uploads\/2024\/08\/foundation-via-pribina.zip\" target=\"_blank\" rel=\"noreferrer noopener\">Foundation Via Pribina (ZIP)<\/a><\/li>\n<\/ul>\n\n\n\n<p><\/p>","protected":false},"excerpt":{"rendered":"<p>Contact Foundation&nbsp;Via PribinaEuropeum Business Center, blok ASuch\u00e9 m\u00fdto 1811 03 Bratislava&nbsp; Contact for the Foundation Administrator:Mia Baj\u00e1kov\u00e1e-mail:&nbsp;mia.bajakova@viapribina.sktel.:&nbsp;0918751645&nbsp; Download Our Logo<\/p>","protected":false},"author":1,"featured_media":0,"parent":0,"menu_order":0,"comment_status":"closed","ping_status":"closed","template":"","meta":{"footnotes":""},"class_list":["post-2695","page","type-page","status-publish","hentry"],"yoast_head":"<!-- This site is optimized with the Yoast SEO plugin v27.4 - https:\/\/yoast.com\/product\/yoast-seo-wordpress\/ -->\n<title>Contact - viapribina<\/title>\n<meta name=\"robots\" content=\"index, follow, max-snippet:-1, max-image-preview:large, max-video-preview:-1\" \/>\n<link rel=\"canonical\" href=\"https:\/\/viapribina.sk\/en\/contact-2\/\" \/>\n<meta property=\"og:locale\" content=\"en_GB\" \/>\n<meta property=\"og:type\" content=\"article\" \/>\n<meta property=\"og:title\" content=\"Contact - viapribina\" \/>\n<meta property=\"og:description\" content=\"Contact Foundation&nbsp;Via PribinaEuropeum Business Center, blok ASuch\u00e9 m\u00fdto 1811 03 Bratislava&nbsp; Contact for the Foundation Administrator:Mia Baj\u00e1kov\u00e1e-mail:&nbsp;mia.bajakova@viapribina.sktel.:&nbsp;0918751645&nbsp; Download Our Logo\" \/>\n<meta property=\"og:url\" content=\"https:\/\/viapribina.sk\/en\/contact-2\/\" \/>\n<meta property=\"og:site_name\" content=\"viapribina\" \/>\n<meta property=\"article:publisher\" content=\"https:\/\/www.facebook.com\/pr1bina\" \/>\n<meta property=\"article:modified_time\" content=\"2024-08-23T12:27:55+00:00\" \/>\n<meta name=\"twitter:card\" content=\"summary_large_image\" \/>\n<script type=\"application\/ld+json\" class=\"yoast-schema-graph\">{\"@context\":\"https:\\\/\\\/schema.org\",\"@graph\":[{\"@type\":\"WebPage\",\"@id\":\"https:\\\/\\\/viapribina.sk\\\/en\\\/contact-2\\\/\",\"url\":\"https:\\\/\\\/viapribina.sk\\\/en\\\/contact-2\\\/\",\"name\":\"Contact - viapribina\",\"isPartOf\":{\"@id\":\"https:\\\/\\\/viapribina.sk\\\/en\\\/#website\"},\"datePublished\":\"2024-07-18T15:14:12+00:00\",\"dateModified\":\"2024-08-23T12:27:55+00:00\",\"breadcrumb\":{\"@id\":\"https:\\\/\\\/viapribina.sk\\\/en\\\/contact-2\\\/#breadcrumb\"},\"inLanguage\":\"en-GB\",\"potentialAction\":[{\"@type\":\"ReadAction\",\"target\":[\"https:\\\/\\\/viapribina.sk\\\/en\\\/contact-2\\\/\"]}]},{\"@type\":\"BreadcrumbList\",\"@id\":\"https:\\\/\\\/viapribina.sk\\\/en\\\/contact-2\\\/#breadcrumb\",\"itemListElement\":[{\"@type\":\"ListItem\",\"position\":1,\"name\":\"Home\",\"item\":\"https:\\\/\\\/viapribina.sk\\\/en\\\/\"},{\"@type\":\"ListItem\",\"position\":2,\"name\":\"Contact\"}]},{\"@type\":\"WebSite\",\"@id\":\"https:\\\/\\\/viapribina.sk\\\/en\\\/#website\",\"url\":\"https:\\\/\\\/viapribina.sk\\\/en\\\/\",\"name\":\"viapribina\",\"description\":\"Ste na dobrej ceste\",\"publisher\":{\"@id\":\"https:\\\/\\\/viapribina.sk\\\/en\\\/#organization\"},\"potentialAction\":[{\"@type\":\"SearchAction\",\"target\":{\"@type\":\"EntryPoint\",\"urlTemplate\":\"https:\\\/\\\/viapribina.sk\\\/en\\\/?s={search_term_string}\"},\"query-input\":{\"@type\":\"PropertyValueSpecification\",\"valueRequired\":true,\"valueName\":\"search_term_string\"}}],\"inLanguage\":\"en-GB\"},{\"@type\":\"Organization\",\"@id\":\"https:\\\/\\\/viapribina.sk\\\/en\\\/#organization\",\"name\":\"Granvia, a.s.\",\"url\":\"https:\\\/\\\/viapribina.sk\\\/en\\\/\",\"logo\":{\"@type\":\"ImageObject\",\"inLanguage\":\"en-GB\",\"@id\":\"https:\\\/\\\/viapribina.sk\\\/en\\\/#\\\/schema\\\/logo\\\/image\\\/\",\"url\":\"https:\\\/\\\/pr1bina.sk\\\/wp-content\\\/uploads\\\/2022\\\/02\\\/logo.jpg\",\"contentUrl\":\"https:\\\/\\\/pr1bina.sk\\\/wp-content\\\/uploads\\\/2022\\\/02\\\/logo.jpg\",\"width\":180,\"height\":41,\"caption\":\"Granvia, a.s.\"},\"image\":{\"@id\":\"https:\\\/\\\/viapribina.sk\\\/en\\\/#\\\/schema\\\/logo\\\/image\\\/\"},\"sameAs\":[\"https:\\\/\\\/www.facebook.com\\\/pr1bina\",\"https:\\\/\\\/www.linkedin.com\\\/company\\\/pr1bina\"]}]}<\/script>\n<!-- \/ Yoast SEO plugin. -->","yoast_head_json":{"title":"Contact - viapribina","robots":{"index":"index","follow":"follow","max-snippet":"max-snippet:-1","max-image-preview":"max-image-preview:large","max-video-preview":"max-video-preview:-1"},"canonical":"https:\/\/viapribina.sk\/en\/contact-2\/","og_locale":"en_GB","og_type":"article","og_title":"Contact - viapribina","og_description":"Contact Foundation&nbsp;Via PribinaEuropeum Business Center, blok ASuch\u00e9 m\u00fdto 1811 03 Bratislava&nbsp; Contact for the Foundation Administrator:Mia Baj\u00e1kov\u00e1e-mail:&nbsp;mia.bajakova@viapribina.sktel.:&nbsp;0918751645&nbsp; Download Our Logo","og_url":"https:\/\/viapribina.sk\/en\/contact-2\/","og_site_name":"viapribina","article_publisher":"https:\/\/www.facebook.com\/pr1bina","article_modified_time":"2024-08-23T12:27:55+00:00","twitter_card":"summary_large_image","schema":{"@context":"https:\/\/schema.org","@graph":[{"@type":"WebPage","@id":"https:\/\/viapribina.sk\/en\/contact-2\/","url":"https:\/\/viapribina.sk\/en\/contact-2\/","name":"Contact - viapribina","isPartOf":{"@id":"https:\/\/viapribina.sk\/en\/#website"},"datePublished":"2024-07-18T15:14:12+00:00","dateModified":"2024-08-23T12:27:55+00:00","breadcrumb":{"@id":"https:\/\/viapribina.sk\/en\/contact-2\/#breadcrumb"},"inLanguage":"en-GB","potentialAction":[{"@type":"ReadAction","target":["https:\/\/viapribina.sk\/en\/contact-2\/"]}]},{"@type":"BreadcrumbList","@id":"https:\/\/viapribina.sk\/en\/contact-2\/#breadcrumb","itemListElement":[{"@type":"ListItem","position":1,"name":"Home","item":"https:\/\/viapribina.sk\/en\/"},{"@type":"ListItem","position":2,"name":"Contact"}]},{"@type":"WebSite","@id":"https:\/\/viapribina.sk\/en\/#website","url":"https:\/\/viapribina.sk\/en\/","name":"viapribina","description":"Ste na dobrej ceste","publisher":{"@id":"https:\/\/viapribina.sk\/en\/#organization"},"potentialAction":[{"@type":"SearchAction","target":{"@type":"EntryPoint","urlTemplate":"https:\/\/viapribina.sk\/en\/?s={search_term_string}"},"query-input":{"@type":"PropertyValueSpecification","valueRequired":true,"valueName":"search_term_string"}}],"inLanguage":"en-GB"},{"@type":"Organization","@id":"https:\/\/viapribina.sk\/en\/#organization","name":"Granvia, a.s.","url":"https:\/\/viapribina.sk\/en\/","logo":{"@type":"ImageObject","inLanguage":"en-GB","@id":"https:\/\/viapribina.sk\/en\/#\/schema\/logo\/image\/","url":"https:\/\/pr1bina.sk\/wp-content\/uploads\/2022\/02\/logo.jpg","contentUrl":"https:\/\/pr1bina.sk\/wp-content\/uploads\/2022\/02\/logo.jpg","width":180,"height":41,"caption":"Granvia, a.s."},"image":{"@id":"https:\/\/viapribina.sk\/en\/#\/schema\/logo\/image\/"},"sameAs":["https:\/\/www.facebook.com\/pr1bina","https:\/\/www.linkedin.com\/company\/pr1bina"]}]}},"_links":{"self":[{"href":"https:\/\/viapribina.sk\/en\/wp-json\/wp\/v2\/pages\/2695","targetHints":{"allow":["GET"]}}],"collection":[{"href":"https:\/\/viapribina.sk\/en\/wp-json\/wp\/v2\/pages"}],"about":[{"href":"https:\/\/viapribina.sk\/en\/wp-json\/wp\/v2\/types\/page"}],"author":[{"embeddable":true,"href":"https:\/\/viapribina.sk\/en\/wp-json\/wp\/v2\/users\/1"}],"replies":[{"embeddable":true,"href":"https:\/\/viapribina.sk\/en\/wp-json\/wp\/v2\/comments?post=2695"}],"version-history":[{"count":3,"href":"https:\/\/viapribina.sk\/en\/wp-json\/wp\/v2\/pages\/2695\/revisions"}],"predecessor-version":[{"id":2765,"href":"https:\/\/viapribina.sk\/en\/wp-json\/wp\/v2\/pages\/2695\/revisions\/2765"}],"wp:attachment":[{"href":"https:\/\/viapribina.sk\/en\/wp-json\/wp\/v2\/media?parent=2695"}],"curies":[{"name":"wp","href":"https:\/\/api.w.org\/{rel}","templated":true}]}}