{"id":2934,"date":"2025-04-08T10:54:00","date_gmt":"2025-04-08T09:54:00","guid":{"rendered":"https:\/\/viapribina.sk\/?page_id=2934"},"modified":"2025-04-14T21:25:02","modified_gmt":"2025-04-14T20:25:02","slug":"via-pribina-foundation-2025-grant-results","status":"publish","type":"page","link":"https:\/\/viapribina.sk\/en\/via-pribina-foundation-2025-grant-results\/","title":{"rendered":"Supported projects 2025"},"content":{"rendered":"<h2 class=\"wp-block-heading\">Via Pribina Foundation 2025 Grant Results<\/h2>\n\n\n\n<p>As part of the Via Pribina Foundation\u2019s 2025 Grant Call, 112 organizations from across Slovakia submitted their projects. Of those, 21 organizations will receive a grant. The total amount allocated to support the successful grantees reached \u20ac235,686, with individual projects eligible for funding of up to \u20ac15,000.<\/p>\n\n\n\n<p>Based on the number of organizations supported, the most active regions were:<\/p>\n\n\n\n<ul class=\"wp-block-list\">\n<li>Bratislava (BA) &#8211; 10 projects<\/li>\n\n\n\n<li>Pre\u0161ov (PO) &#8211; 9 projects<\/li>\n\n\n\n<li>Bansk\u00e1 Bystrica (BB) &#8211; 8 projects<\/li>\n<\/ul>\n\n\n\n<p><\/p>\n\n\n\n<p>The 2025 grants are going to be used to support a wide range of initiatives. The main areas include:<\/p>\n\n\n\n<ul class=\"wp-block-list\">\n<li>Health care and rehabilitation, such as neurorehabilitation and paediatric rehabilitation for children<\/li>\n\n\n\n<li>Support for vulnerable and marginalised groups, including homeless people and those in palliative care<\/li>\n\n\n\n<li>Inclusive education and creativity development for children and young people<\/li>\n\n\n\n<li>Provision of basic needs such as hot meals and sanitation<\/li>\n\n\n\n<li>Mental health and therapeutic support, especially for families in crisis or social isolation<\/li>\n<\/ul>\n\n\n\n<p><\/p>\n\n\n\n<p>In this way, grant funding helps to improve the living conditions, dignity and opportunities for people across the country, particularly in the areas of health, education and social services.<\/p>\n\n\n\n<p>The Via Pribina Foundation was established in 2012 by the companies involved in the Via Pribina expressway project, a section of the R1 connecting Nitra and Tekovsk\u00e9 Nemce, and also includes the northern bypass of Bansk\u00e1 Bystrica. Via Pribina highway is 51.6km long.<\/p>\n\n\n\n<p>We thank everyone who participated in this year&#8217;s grant call.<\/p>\n\n\n\n<p>The next round will be launched in January 2026.<\/p>\n\n\n\n<figure class=\"wp-block-image size-full\"><img fetchpriority=\"high\" decoding=\"async\" width=\"1700\" height=\"893\" src=\"https:\/\/viapribina.sk\/wp-content\/uploads\/2025\/04\/mapa-posobenia-ENG-projekty-2025-small-1.jpg\" alt=\"\" class=\"wp-image-2935\" srcset=\"https:\/\/viapribina.sk\/wp-content\/uploads\/2025\/04\/mapa-posobenia-ENG-projekty-2025-small-1.jpg 1700w, https:\/\/viapribina.sk\/wp-content\/uploads\/2025\/04\/mapa-posobenia-ENG-projekty-2025-small-1-300x158.jpg 300w, https:\/\/viapribina.sk\/wp-content\/uploads\/2025\/04\/mapa-posobenia-ENG-projekty-2025-small-1-1024x538.jpg 1024w, https:\/\/viapribina.sk\/wp-content\/uploads\/2025\/04\/mapa-posobenia-ENG-projekty-2025-small-1-768x403.jpg 768w, https:\/\/viapribina.sk\/wp-content\/uploads\/2025\/04\/mapa-posobenia-ENG-projekty-2025-small-1-1536x807.jpg 1536w, https:\/\/viapribina.sk\/wp-content\/uploads\/2025\/04\/mapa-posobenia-ENG-projekty-2025-small-1-18x9.jpg 18w, https:\/\/viapribina.sk\/wp-content\/uploads\/2025\/04\/mapa-posobenia-ENG-projekty-2025-small-1-46x24.jpg 46w, https:\/\/viapribina.sk\/wp-content\/uploads\/2025\/04\/mapa-posobenia-ENG-projekty-2025-small-1-36x19.jpg 36w, https:\/\/viapribina.sk\/wp-content\/uploads\/2025\/04\/mapa-posobenia-ENG-projekty-2025-small-1-48x25.jpg 48w\" sizes=\"(max-width: 1700px) 100vw, 1700px\" \/><\/figure>\n\n\n\n<p><\/p>\n\n\n\n<hr class=\"wp-block-separator has-alpha-channel-opacity\"\/>\n\n\n\n<p><\/p>\n\n\n\n<figure class=\"wp-block-table\"><table class=\"has-fixed-layout\"><thead><tr><th>Organisation<\/th><th>Location<\/th><th>Grant<\/th><\/tr><\/thead><tbody><tr><td>Harmony<\/td><td>BA<\/td><td>12000<\/td><\/tr><tr><td>Stru\u017eielka<\/td><td>ZA<\/td><td>6188<\/td><\/tr><tr><td>Centrum Margar\u00e9tka<\/td><td>BB<\/td><td>12994<\/td><\/tr><tr><td>In\u0161tit\u00fat Ve\u013ek\u0148aza Krista<\/td><td>PO<\/td><td>8410<\/td><\/tr><tr><td>Akad\u00e9mia Argi<\/td><td>ZA<\/td><td>13488<\/td><\/tr><tr><td>Malt\u00e9zska pomoc<\/td><td>Ba, TN, NR<\/td><td>14897<\/td><\/tr><tr><td>Va\u0161a Charita<\/td><td>BB<\/td><td>14060<\/td><\/tr><tr><td>Agami<\/td><td>NR<\/td><td>14990<\/td><\/tr><tr><td>Physio Canis<\/td><td>ZA<\/td><td>14900<\/td><\/tr><tr><td>Nevyautuj autistu<\/td><td>KE<\/td><td>5000<\/td><\/tr><tr><td>Timoteus<\/td><td>NR<\/td><td>14990<\/td><\/tr><tr><td>Stredisko Ev Diakonia<\/td><td>BA<\/td><td>14600<\/td><\/tr><tr><td>Pred \u010dloveka<\/td><td>PO<\/td><td>12760<\/td><\/tr><tr><td>IP<\/td><td>BA<\/td><td>10300<\/td><\/tr><tr><td>Mobiln\u00fd hospic MOST<\/td><td>TT<\/td><td>13650<\/td><\/tr><tr><td>Rubikon<\/td><td>KE<\/td><td>7990<\/td><\/tr><tr><td>Mal\u00fd Bumbo<\/td><td>BB<\/td><td>8529<\/td><\/tr><tr><td>Kres\u0165ania v Meste<\/td><td>BA<\/td><td>10000<\/td><\/tr><tr><td>Do Sto\u0161ky B\u00e1nov\u00e1<\/td><td>ZA<\/td><td>14990<\/td><\/tr><tr><td>Silnej\u0161\u00ed slab\u0161\u00edm<\/td><td>TN<\/td><td>7100<\/td><\/tr><tr><td>Psi na \u017eivot<\/td><td>SVK<\/td><td>3850<\/td><\/tr><tr><td><strong>Total<\/strong><\/td><td><\/td><td><strong>235686<\/strong><\/td><\/tr><\/tbody><\/table><\/figure>\n\n\n\n<p><\/p>","protected":false},"excerpt":{"rendered":"<p>Via Pribina Foundation 2025 Grant Results As part of the Via Pribina Foundation\u2019s 2025 Grant Call, 112 organizations from across Slovakia submitted their projects. Of&hellip;<\/p>","protected":false},"author":1,"featured_media":0,"parent":0,"menu_order":0,"comment_status":"closed","ping_status":"closed","template":"","meta":{"footnotes":""},"class_list":["post-2934","page","type-page","status-publish","hentry"],"yoast_head":"<!-- This site is optimized with the Yoast SEO plugin v27.4 - https:\/\/yoast.com\/product\/yoast-seo-wordpress\/ -->\n<title>Supported projects 2025 - viapribina<\/title>\n<meta name=\"robots\" content=\"index, follow, max-snippet:-1, max-image-preview:large, max-video-preview:-1\" \/>\n<link rel=\"canonical\" href=\"https:\/\/viapribina.sk\/en\/via-pribina-foundation-2025-grant-results\/\" \/>\n<meta property=\"og:locale\" content=\"en_GB\" \/>\n<meta property=\"og:type\" content=\"article\" \/>\n<meta property=\"og:title\" content=\"Supported projects 2025 - viapribina\" \/>\n<meta property=\"og:description\" content=\"Via Pribina Foundation 2025 Grant Results As part of the Via Pribina Foundation\u2019s 2025 Grant Call, 112 organizations from across Slovakia submitted their projects. Of&hellip;\" \/>\n<meta property=\"og:url\" content=\"https:\/\/viapribina.sk\/en\/via-pribina-foundation-2025-grant-results\/\" \/>\n<meta property=\"og:site_name\" content=\"viapribina\" \/>\n<meta property=\"article:publisher\" content=\"https:\/\/www.facebook.com\/pr1bina\" \/>\n<meta property=\"article:modified_time\" content=\"2025-04-14T20:25:02+00:00\" \/>\n<meta property=\"og:image\" content=\"https:\/\/viapribina.sk\/wp-content\/uploads\/2025\/04\/mapa-posobenia-ENG-projekty-2025-small-1.jpg\" \/>\n\t<meta property=\"og:image:width\" content=\"1700\" \/>\n\t<meta property=\"og:image:height\" content=\"893\" \/>\n\t<meta property=\"og:image:type\" content=\"image\/jpeg\" \/>\n<meta name=\"twitter:card\" content=\"summary_large_image\" \/>\n<meta name=\"twitter:label1\" content=\"Estimated reading time\" \/>\n\t<meta name=\"twitter:data1\" content=\"1 minute\" \/>\n<script type=\"application\/ld+json\" class=\"yoast-schema-graph\">{\"@context\":\"https:\\\/\\\/schema.org\",\"@graph\":[{\"@type\":\"WebPage\",\"@id\":\"https:\\\/\\\/viapribina.sk\\\/en\\\/via-pribina-foundation-2025-grant-results\\\/\",\"url\":\"https:\\\/\\\/viapribina.sk\\\/en\\\/via-pribina-foundation-2025-grant-results\\\/\",\"name\":\"Supported projects 2025 - viapribina\",\"isPartOf\":{\"@id\":\"https:\\\/\\\/viapribina.sk\\\/en\\\/#website\"},\"primaryImageOfPage\":{\"@id\":\"https:\\\/\\\/viapribina.sk\\\/en\\\/via-pribina-foundation-2025-grant-results\\\/#primaryimage\"},\"image\":{\"@id\":\"https:\\\/\\\/viapribina.sk\\\/en\\\/via-pribina-foundation-2025-grant-results\\\/#primaryimage\"},\"thumbnailUrl\":\"https:\\\/\\\/viapribina.sk\\\/wp-content\\\/uploads\\\/2025\\\/04\\\/mapa-posobenia-ENG-projekty-2025-small-1.jpg\",\"datePublished\":\"2025-04-08T09:54:00+00:00\",\"dateModified\":\"2025-04-14T20:25:02+00:00\",\"breadcrumb\":{\"@id\":\"https:\\\/\\\/viapribina.sk\\\/en\\\/via-pribina-foundation-2025-grant-results\\\/#breadcrumb\"},\"inLanguage\":\"en-GB\",\"potentialAction\":[{\"@type\":\"ReadAction\",\"target\":[\"https:\\\/\\\/viapribina.sk\\\/en\\\/via-pribina-foundation-2025-grant-results\\\/\"]}]},{\"@type\":\"ImageObject\",\"inLanguage\":\"en-GB\",\"@id\":\"https:\\\/\\\/viapribina.sk\\\/en\\\/via-pribina-foundation-2025-grant-results\\\/#primaryimage\",\"url\":\"https:\\\/\\\/viapribina.sk\\\/wp-content\\\/uploads\\\/2025\\\/04\\\/mapa-posobenia-ENG-projekty-2025-small-1.jpg\",\"contentUrl\":\"https:\\\/\\\/viapribina.sk\\\/wp-content\\\/uploads\\\/2025\\\/04\\\/mapa-posobenia-ENG-projekty-2025-small-1.jpg\"},{\"@type\":\"BreadcrumbList\",\"@id\":\"https:\\\/\\\/viapribina.sk\\\/en\\\/via-pribina-foundation-2025-grant-results\\\/#breadcrumb\",\"itemListElement\":[{\"@type\":\"ListItem\",\"position\":1,\"name\":\"Home\",\"item\":\"https:\\\/\\\/viapribina.sk\\\/en\\\/\"},{\"@type\":\"ListItem\",\"position\":2,\"name\":\"Supported projects 2025\"}]},{\"@type\":\"WebSite\",\"@id\":\"https:\\\/\\\/viapribina.sk\\\/en\\\/#website\",\"url\":\"https:\\\/\\\/viapribina.sk\\\/en\\\/\",\"name\":\"viapribina\",\"description\":\"Ste na dobrej ceste\",\"publisher\":{\"@id\":\"https:\\\/\\\/viapribina.sk\\\/en\\\/#organization\"},\"potentialAction\":[{\"@type\":\"SearchAction\",\"target\":{\"@type\":\"EntryPoint\",\"urlTemplate\":\"https:\\\/\\\/viapribina.sk\\\/en\\\/?s={search_term_string}\"},\"query-input\":{\"@type\":\"PropertyValueSpecification\",\"valueRequired\":true,\"valueName\":\"search_term_string\"}}],\"inLanguage\":\"en-GB\"},{\"@type\":\"Organization\",\"@id\":\"https:\\\/\\\/viapribina.sk\\\/en\\\/#organization\",\"name\":\"Granvia, a.s.\",\"url\":\"https:\\\/\\\/viapribina.sk\\\/en\\\/\",\"logo\":{\"@type\":\"ImageObject\",\"inLanguage\":\"en-GB\",\"@id\":\"https:\\\/\\\/viapribina.sk\\\/en\\\/#\\\/schema\\\/logo\\\/image\\\/\",\"url\":\"https:\\\/\\\/pr1bina.sk\\\/wp-content\\\/uploads\\\/2022\\\/02\\\/logo.jpg\",\"contentUrl\":\"https:\\\/\\\/pr1bina.sk\\\/wp-content\\\/uploads\\\/2022\\\/02\\\/logo.jpg\",\"width\":180,\"height\":41,\"caption\":\"Granvia, a.s.\"},\"image\":{\"@id\":\"https:\\\/\\\/viapribina.sk\\\/en\\\/#\\\/schema\\\/logo\\\/image\\\/\"},\"sameAs\":[\"https:\\\/\\\/www.facebook.com\\\/pr1bina\",\"https:\\\/\\\/www.linkedin.com\\\/company\\\/pr1bina\"]}]}<\/script>\n<!-- \/ Yoast SEO plugin. -->","yoast_head_json":{"title":"Supported projects 2025 - viapribina","robots":{"index":"index","follow":"follow","max-snippet":"max-snippet:-1","max-image-preview":"max-image-preview:large","max-video-preview":"max-video-preview:-1"},"canonical":"https:\/\/viapribina.sk\/en\/via-pribina-foundation-2025-grant-results\/","og_locale":"en_GB","og_type":"article","og_title":"Supported projects 2025 - viapribina","og_description":"Via Pribina Foundation 2025 Grant Results As part of the Via Pribina Foundation\u2019s 2025 Grant Call, 112 organizations from across Slovakia submitted their projects. Of&hellip;","og_url":"https:\/\/viapribina.sk\/en\/via-pribina-foundation-2025-grant-results\/","og_site_name":"viapribina","article_publisher":"https:\/\/www.facebook.com\/pr1bina","article_modified_time":"2025-04-14T20:25:02+00:00","og_image":[{"width":1700,"height":893,"url":"https:\/\/viapribina.sk\/wp-content\/uploads\/2025\/04\/mapa-posobenia-ENG-projekty-2025-small-1.jpg","type":"image\/jpeg"}],"twitter_card":"summary_large_image","twitter_misc":{"Estimated reading time":"1 minute"},"schema":{"@context":"https:\/\/schema.org","@graph":[{"@type":"WebPage","@id":"https:\/\/viapribina.sk\/en\/via-pribina-foundation-2025-grant-results\/","url":"https:\/\/viapribina.sk\/en\/via-pribina-foundation-2025-grant-results\/","name":"Supported projects 2025 - viapribina","isPartOf":{"@id":"https:\/\/viapribina.sk\/en\/#website"},"primaryImageOfPage":{"@id":"https:\/\/viapribina.sk\/en\/via-pribina-foundation-2025-grant-results\/#primaryimage"},"image":{"@id":"https:\/\/viapribina.sk\/en\/via-pribina-foundation-2025-grant-results\/#primaryimage"},"thumbnailUrl":"https:\/\/viapribina.sk\/wp-content\/uploads\/2025\/04\/mapa-posobenia-ENG-projekty-2025-small-1.jpg","datePublished":"2025-04-08T09:54:00+00:00","dateModified":"2025-04-14T20:25:02+00:00","breadcrumb":{"@id":"https:\/\/viapribina.sk\/en\/via-pribina-foundation-2025-grant-results\/#breadcrumb"},"inLanguage":"en-GB","potentialAction":[{"@type":"ReadAction","target":["https:\/\/viapribina.sk\/en\/via-pribina-foundation-2025-grant-results\/"]}]},{"@type":"ImageObject","inLanguage":"en-GB","@id":"https:\/\/viapribina.sk\/en\/via-pribina-foundation-2025-grant-results\/#primaryimage","url":"https:\/\/viapribina.sk\/wp-content\/uploads\/2025\/04\/mapa-posobenia-ENG-projekty-2025-small-1.jpg","contentUrl":"https:\/\/viapribina.sk\/wp-content\/uploads\/2025\/04\/mapa-posobenia-ENG-projekty-2025-small-1.jpg"},{"@type":"BreadcrumbList","@id":"https:\/\/viapribina.sk\/en\/via-pribina-foundation-2025-grant-results\/#breadcrumb","itemListElement":[{"@type":"ListItem","position":1,"name":"Home","item":"https:\/\/viapribina.sk\/en\/"},{"@type":"ListItem","position":2,"name":"Supported projects 2025"}]},{"@type":"WebSite","@id":"https:\/\/viapribina.sk\/en\/#website","url":"https:\/\/viapribina.sk\/en\/","name":"viapribina","description":"Ste na dobrej ceste","publisher":{"@id":"https:\/\/viapribina.sk\/en\/#organization"},"potentialAction":[{"@type":"SearchAction","target":{"@type":"EntryPoint","urlTemplate":"https:\/\/viapribina.sk\/en\/?s={search_term_string}"},"query-input":{"@type":"PropertyValueSpecification","valueRequired":true,"valueName":"search_term_string"}}],"inLanguage":"en-GB"},{"@type":"Organization","@id":"https:\/\/viapribina.sk\/en\/#organization","name":"Granvia, a.s.","url":"https:\/\/viapribina.sk\/en\/","logo":{"@type":"ImageObject","inLanguage":"en-GB","@id":"https:\/\/viapribina.sk\/en\/#\/schema\/logo\/image\/","url":"https:\/\/pr1bina.sk\/wp-content\/uploads\/2022\/02\/logo.jpg","contentUrl":"https:\/\/pr1bina.sk\/wp-content\/uploads\/2022\/02\/logo.jpg","width":180,"height":41,"caption":"Granvia, a.s."},"image":{"@id":"https:\/\/viapribina.sk\/en\/#\/schema\/logo\/image\/"},"sameAs":["https:\/\/www.facebook.com\/pr1bina","https:\/\/www.linkedin.com\/company\/pr1bina"]}]}},"_links":{"self":[{"href":"https:\/\/viapribina.sk\/en\/wp-json\/wp\/v2\/pages\/2934","targetHints":{"allow":["GET"]}}],"collection":[{"href":"https:\/\/viapribina.sk\/en\/wp-json\/wp\/v2\/pages"}],"about":[{"href":"https:\/\/viapribina.sk\/en\/wp-json\/wp\/v2\/types\/page"}],"author":[{"embeddable":true,"href":"https:\/\/viapribina.sk\/en\/wp-json\/wp\/v2\/users\/1"}],"replies":[{"embeddable":true,"href":"https:\/\/viapribina.sk\/en\/wp-json\/wp\/v2\/comments?post=2934"}],"version-history":[{"count":3,"href":"https:\/\/viapribina.sk\/en\/wp-json\/wp\/v2\/pages\/2934\/revisions"}],"predecessor-version":[{"id":2951,"href":"https:\/\/viapribina.sk\/en\/wp-json\/wp\/v2\/pages\/2934\/revisions\/2951"}],"wp:attachment":[{"href":"https:\/\/viapribina.sk\/en\/wp-json\/wp\/v2\/media?parent=2934"}],"curies":[{"name":"wp","href":"https:\/\/api.w.org\/{rel}","templated":true}]}}