{"id":3285,"date":"2025-12-17T17:36:44","date_gmt":"2025-12-17T16:36:44","guid":{"rendered":"https:\/\/viapribina.sk\/?page_id=3285"},"modified":"2026-04-13T09:11:10","modified_gmt":"2026-04-13T08:11:10","slug":"grant-call-2026","status":"publish","type":"page","link":"https:\/\/viapribina.sk\/en\/grant-call-2026\/","title":{"rendered":"Grant Call 2026"},"content":{"rendered":"<h2 class=\"wp-block-heading\">Grant Call 2026<\/h2>\n\n\n\n<p>The Via Pribina Foundation will distribute 250 thousand eur among 21 organizations from all over Slovakia<\/p>\n\n\n\n<p>Selection Committee and Board members of the Via Pribina Foundation met in March 2026 to carefully consider almost 250 submissions for grant. They chose 21 projects, which will receive financial support between 7000 and 15000 euro to carry out their grant programmes. The objective is social inclusion, support of education and sports, help to long-term homeless and jobless, people with disabilities or other marginalized groups.&nbsp;<\/p>\n\n\n\n<p>We sincerely thank everyone who submitted their project.<\/p>\n\n\n\n<p>Chosen organizations will be contacted in April 2026.&nbsp;<\/p>\n\n\n\n<figure class=\"wp-block-table\"><table class=\"has-fixed-layout\"><tbody><tr><td>No<\/td><td>Organization<\/td><td>Final Shortlist<\/td><\/tr><tr><td>1<\/td><td>Neziskov\u00e9 zdru\u017eenie Tajn\u00e1, \u0160port pre Seniorov\/Sport for Seniors<\/td><td>10262<\/td><\/tr><tr><td>2<\/td><td>Ateli\u00e9r Guba\u0148a, Ob\u010dianske Zdru\u017eenie<\/td><td>7600<\/td><\/tr><tr><td>3<\/td><td>KAMBEK, Ob\u010dianske zdru\u017eenie<\/td><td>12400<\/td><\/tr><tr><td>4<\/td><td>Za d\u00f4stojn\u00fd \u017eivot, Ob\u010dianske Zdru\u017eenie\/For Decent Life<\/td><td>12900<\/td><\/tr><tr><td>5<\/td><td>EQUITA, OZ<\/td><td>11000<\/td><\/tr><tr><td>6<\/td><td>DROPiK, o. z.<\/td><td>9732<\/td><\/tr><tr><td>7<\/td><td>Bona via, OZ<\/td><td>13580<\/td><\/tr><tr><td>8<\/td><td>Samaria<\/td><td>14400<\/td><\/tr><tr><td>9<\/td><td>Spi\u0161sk\u00e1 katol\u00edcka charita\/ Spi\u0161sk\u00e1 Catholic Charity<\/td><td>13958<\/td><\/tr><tr><td>10<\/td><td>Diec\u00e9zna charita \u017dilina\/Diocesan Charity \u017dilina<\/td><td>14790<\/td><\/tr><tr><td>11<\/td><td>Krupina<\/td><td>15000<\/td><\/tr><tr><td>12<\/td><td>STOPA<\/td><td>12000<\/td><\/tr><tr><td>13<\/td><td>N\u00e1zov organiz\u00e1cie: Kynologick\u00e1 z\u00e1chrann\u00e1 brig\u00e1da Ko\u0161ice\/Rescue Service Dogs<\/td><td>9970<\/td><\/tr><tr><td>14<\/td><td>N\u00e1zov organiz\u00e1cie: KRES\u0164ANIA V MESTE\/Christians in the City<\/td><td>11500<\/td><\/tr><tr><td>15<\/td><td>N\u00e1zov organiz\u00e1cie: Prame\u0148 n\u00e1deje, oz\/Source of Hope<\/td><td>15000<\/td><\/tr><tr><td>16<\/td><td>Jednorodi\u010d\/Single Parent<\/td><td>13420<\/td><\/tr><tr><td>17<\/td><td>Dom det\u00ed Bo\u017eieho milosrdenstva, n.o. \/House of God\u00b4s Mercy<\/td><td>15000<\/td><\/tr><tr><td>18<\/td><td>N\u00e1zov organiz\u00e1cie: IP\u010dko, o.z.<\/td><td>7000<\/td><\/tr><tr><td>19<\/td><td>Rozvoj a spolupr\u00e1ca\/<\/td><td>10971<\/td><\/tr><tr><td>20<\/td><td>PhysioCanis<\/td><td>9600<\/td><\/tr><tr><td>21<\/td><td>Appa<\/td><td>10180<\/td><\/tr><tr><td>&nbsp;<\/td><td>Total<\/td><td>250,083<\/td><\/tr><\/tbody><\/table><\/figure>","protected":false},"excerpt":{"rendered":"<p>Grant Call 2026 The Via Pribina Foundation will distribute 250 thousand eur among 21 organizations from all over Slovakia Selection Committee and Board members of&hellip;<\/p>","protected":false},"author":1,"featured_media":0,"parent":0,"menu_order":0,"comment_status":"closed","ping_status":"closed","template":"","meta":{"footnotes":""},"class_list":["post-3285","page","type-page","status-publish","hentry"],"yoast_head":"<!-- This site is optimized with the Yoast SEO plugin v27.4 - https:\/\/yoast.com\/product\/yoast-seo-wordpress\/ -->\n<title>Grant Call 2026 - viapribina<\/title>\n<meta name=\"robots\" content=\"index, follow, max-snippet:-1, max-image-preview:large, max-video-preview:-1\" \/>\n<link rel=\"canonical\" href=\"https:\/\/viapribina.sk\/en\/grant-call-2026\/\" \/>\n<meta property=\"og:locale\" content=\"en_GB\" \/>\n<meta property=\"og:type\" content=\"article\" \/>\n<meta property=\"og:title\" content=\"Grant Call 2026 - viapribina\" \/>\n<meta property=\"og:description\" content=\"Grant Call 2026 The Via Pribina Foundation will distribute 250 thousand eur among 21 organizations from all over Slovakia Selection Committee and Board members of&hellip;\" \/>\n<meta property=\"og:url\" content=\"https:\/\/viapribina.sk\/en\/grant-call-2026\/\" \/>\n<meta property=\"og:site_name\" content=\"viapribina\" \/>\n<meta property=\"article:publisher\" content=\"https:\/\/www.facebook.com\/pr1bina\" \/>\n<meta property=\"article:modified_time\" content=\"2026-04-13T08:11:10+00:00\" \/>\n<meta name=\"twitter:card\" content=\"summary_large_image\" \/>\n<meta name=\"twitter:label1\" content=\"Estimated reading time\" \/>\n\t<meta name=\"twitter:data1\" content=\"1 minute\" \/>\n<script type=\"application\/ld+json\" class=\"yoast-schema-graph\">{\"@context\":\"https:\\\/\\\/schema.org\",\"@graph\":[{\"@type\":\"WebPage\",\"@id\":\"https:\\\/\\\/viapribina.sk\\\/en\\\/grant-call-2026\\\/\",\"url\":\"https:\\\/\\\/viapribina.sk\\\/en\\\/grant-call-2026\\\/\",\"name\":\"Grant Call 2026 - viapribina\",\"isPartOf\":{\"@id\":\"https:\\\/\\\/viapribina.sk\\\/en\\\/#website\"},\"datePublished\":\"2025-12-17T16:36:44+00:00\",\"dateModified\":\"2026-04-13T08:11:10+00:00\",\"breadcrumb\":{\"@id\":\"https:\\\/\\\/viapribina.sk\\\/en\\\/grant-call-2026\\\/#breadcrumb\"},\"inLanguage\":\"en-GB\",\"potentialAction\":[{\"@type\":\"ReadAction\",\"target\":[\"https:\\\/\\\/viapribina.sk\\\/en\\\/grant-call-2026\\\/\"]}]},{\"@type\":\"BreadcrumbList\",\"@id\":\"https:\\\/\\\/viapribina.sk\\\/en\\\/grant-call-2026\\\/#breadcrumb\",\"itemListElement\":[{\"@type\":\"ListItem\",\"position\":1,\"name\":\"Home\",\"item\":\"https:\\\/\\\/viapribina.sk\\\/en\\\/\"},{\"@type\":\"ListItem\",\"position\":2,\"name\":\"Grant Call 2026\"}]},{\"@type\":\"WebSite\",\"@id\":\"https:\\\/\\\/viapribina.sk\\\/en\\\/#website\",\"url\":\"https:\\\/\\\/viapribina.sk\\\/en\\\/\",\"name\":\"viapribina\",\"description\":\"Ste na dobrej ceste\",\"publisher\":{\"@id\":\"https:\\\/\\\/viapribina.sk\\\/en\\\/#organization\"},\"potentialAction\":[{\"@type\":\"SearchAction\",\"target\":{\"@type\":\"EntryPoint\",\"urlTemplate\":\"https:\\\/\\\/viapribina.sk\\\/en\\\/?s={search_term_string}\"},\"query-input\":{\"@type\":\"PropertyValueSpecification\",\"valueRequired\":true,\"valueName\":\"search_term_string\"}}],\"inLanguage\":\"en-GB\"},{\"@type\":\"Organization\",\"@id\":\"https:\\\/\\\/viapribina.sk\\\/en\\\/#organization\",\"name\":\"Granvia, a.s.\",\"url\":\"https:\\\/\\\/viapribina.sk\\\/en\\\/\",\"logo\":{\"@type\":\"ImageObject\",\"inLanguage\":\"en-GB\",\"@id\":\"https:\\\/\\\/viapribina.sk\\\/en\\\/#\\\/schema\\\/logo\\\/image\\\/\",\"url\":\"https:\\\/\\\/pr1bina.sk\\\/wp-content\\\/uploads\\\/2022\\\/02\\\/logo.jpg\",\"contentUrl\":\"https:\\\/\\\/pr1bina.sk\\\/wp-content\\\/uploads\\\/2022\\\/02\\\/logo.jpg\",\"width\":180,\"height\":41,\"caption\":\"Granvia, a.s.\"},\"image\":{\"@id\":\"https:\\\/\\\/viapribina.sk\\\/en\\\/#\\\/schema\\\/logo\\\/image\\\/\"},\"sameAs\":[\"https:\\\/\\\/www.facebook.com\\\/pr1bina\",\"https:\\\/\\\/www.linkedin.com\\\/company\\\/pr1bina\"]}]}<\/script>\n<!-- \/ Yoast SEO plugin. -->","yoast_head_json":{"title":"Grant Call 2026 - viapribina","robots":{"index":"index","follow":"follow","max-snippet":"max-snippet:-1","max-image-preview":"max-image-preview:large","max-video-preview":"max-video-preview:-1"},"canonical":"https:\/\/viapribina.sk\/en\/grant-call-2026\/","og_locale":"en_GB","og_type":"article","og_title":"Grant Call 2026 - viapribina","og_description":"Grant Call 2026 The Via Pribina Foundation will distribute 250 thousand eur among 21 organizations from all over Slovakia Selection Committee and Board members of&hellip;","og_url":"https:\/\/viapribina.sk\/en\/grant-call-2026\/","og_site_name":"viapribina","article_publisher":"https:\/\/www.facebook.com\/pr1bina","article_modified_time":"2026-04-13T08:11:10+00:00","twitter_card":"summary_large_image","twitter_misc":{"Estimated reading time":"1 minute"},"schema":{"@context":"https:\/\/schema.org","@graph":[{"@type":"WebPage","@id":"https:\/\/viapribina.sk\/en\/grant-call-2026\/","url":"https:\/\/viapribina.sk\/en\/grant-call-2026\/","name":"Grant Call 2026 - viapribina","isPartOf":{"@id":"https:\/\/viapribina.sk\/en\/#website"},"datePublished":"2025-12-17T16:36:44+00:00","dateModified":"2026-04-13T08:11:10+00:00","breadcrumb":{"@id":"https:\/\/viapribina.sk\/en\/grant-call-2026\/#breadcrumb"},"inLanguage":"en-GB","potentialAction":[{"@type":"ReadAction","target":["https:\/\/viapribina.sk\/en\/grant-call-2026\/"]}]},{"@type":"BreadcrumbList","@id":"https:\/\/viapribina.sk\/en\/grant-call-2026\/#breadcrumb","itemListElement":[{"@type":"ListItem","position":1,"name":"Home","item":"https:\/\/viapribina.sk\/en\/"},{"@type":"ListItem","position":2,"name":"Grant Call 2026"}]},{"@type":"WebSite","@id":"https:\/\/viapribina.sk\/en\/#website","url":"https:\/\/viapribina.sk\/en\/","name":"viapribina","description":"Ste na dobrej ceste","publisher":{"@id":"https:\/\/viapribina.sk\/en\/#organization"},"potentialAction":[{"@type":"SearchAction","target":{"@type":"EntryPoint","urlTemplate":"https:\/\/viapribina.sk\/en\/?s={search_term_string}"},"query-input":{"@type":"PropertyValueSpecification","valueRequired":true,"valueName":"search_term_string"}}],"inLanguage":"en-GB"},{"@type":"Organization","@id":"https:\/\/viapribina.sk\/en\/#organization","name":"Granvia, a.s.","url":"https:\/\/viapribina.sk\/en\/","logo":{"@type":"ImageObject","inLanguage":"en-GB","@id":"https:\/\/viapribina.sk\/en\/#\/schema\/logo\/image\/","url":"https:\/\/pr1bina.sk\/wp-content\/uploads\/2022\/02\/logo.jpg","contentUrl":"https:\/\/pr1bina.sk\/wp-content\/uploads\/2022\/02\/logo.jpg","width":180,"height":41,"caption":"Granvia, a.s."},"image":{"@id":"https:\/\/viapribina.sk\/en\/#\/schema\/logo\/image\/"},"sameAs":["https:\/\/www.facebook.com\/pr1bina","https:\/\/www.linkedin.com\/company\/pr1bina"]}]}},"_links":{"self":[{"href":"https:\/\/viapribina.sk\/en\/wp-json\/wp\/v2\/pages\/3285","targetHints":{"allow":["GET"]}}],"collection":[{"href":"https:\/\/viapribina.sk\/en\/wp-json\/wp\/v2\/pages"}],"about":[{"href":"https:\/\/viapribina.sk\/en\/wp-json\/wp\/v2\/types\/page"}],"author":[{"embeddable":true,"href":"https:\/\/viapribina.sk\/en\/wp-json\/wp\/v2\/users\/1"}],"replies":[{"embeddable":true,"href":"https:\/\/viapribina.sk\/en\/wp-json\/wp\/v2\/comments?post=3285"}],"version-history":[{"count":4,"href":"https:\/\/viapribina.sk\/en\/wp-json\/wp\/v2\/pages\/3285\/revisions"}],"predecessor-version":[{"id":3377,"href":"https:\/\/viapribina.sk\/en\/wp-json\/wp\/v2\/pages\/3285\/revisions\/3377"}],"wp:attachment":[{"href":"https:\/\/viapribina.sk\/en\/wp-json\/wp\/v2\/media?parent=3285"}],"curies":[{"name":"wp","href":"https:\/\/api.w.org\/{rel}","templated":true}]}}