{"id":3352,"date":"2026-03-31T10:34:11","date_gmt":"2026-03-31T09:34:11","guid":{"rendered":"https:\/\/viapribina.sk\/?page_id=3352"},"modified":"2026-04-15T07:01:03","modified_gmt":"2026-04-15T06:01:03","slug":"closures","status":"publish","type":"page","link":"https:\/\/viapribina.sk\/en\/closures\/","title":{"rendered":"Closures"},"content":{"rendered":"<h1 class=\"wp-block-heading\"><strong>TRAFFIC RESTRICTIONS \u2013 R1 Via Pribina<\/strong><\/h1>\n\n\n\n<p><strong>Change alert:<\/strong> The start of construction works at the Nitra \u2013 West, Lehota interchange has been postponed to April 19, 2026 at 18:00, compared to the originally published schedule.<br>Following this change, the timing of traffic restrictions on the other previously announced sections of the expressway will also be adjusted accordingly.<br>Thank you for your understanding.<\/p>\n\n\n\n<p>On Wednesday, 8 April 2026, major maintenance will begin on the R1 Via Pribina expressway. The works will take place in phases across different sections, both during the day and at night, to keep restrictions as short as possible.<\/p>\n\n\n\n<p>Drivers are advised to expect closures of interchanges in the following locations:<\/p>\n\n\n\n<p>\u2022 \u010caradice interchange (km 80) (08.04 \u2013 11.04.2026)<br>\u2022 Zlat\u00e9 Moravce interchange (km 70) (12.04 \u2013 17.04.2026)<br>\u2022 Nitra \u2013 West interchange (Lehota, km 39) (17.04 \u2013 26.04.2026)<br>\u2022 Nitra \u2013 South interchange (\u010cerm\u00e1\u0148, km 45) (26.04 \u2013 03.05.2026)<br>\u2022 Nitra \u2013 East interchange (km 51) (17.05 \u2013 25.05.2026)<br>\u2022 Beladice interchange (km 62) (17.05 \u2013 25.05.2026)<br>\u2022 Tekovsk\u00e9 Nemce \u2013 North section (rest area) (03.05 \u2013 12.05.2026)<br>\u2022 Selenec section \u2013 SS\u00daR service roads (12.05 \u2013 17.05.2026)<\/p>\n\n\n\n<p><em>*The above dates are indicative and will be continuously updated depending on the actual progress of the works and current weather conditions.<\/em><\/p>\n\n\n\n<p>The works will be carried out continuously to minimize the impact on traffic; however, short-term slowdowns may still occur during peak periods.<\/p>\n\n\n\n<p>The replacement of the asphalt surface layer is expected to take approximately two months.<\/p>\n\n\n\n<p><strong>Improving the expressway \u2013 thank you for your patience.<\/strong><\/p>\n\n\n\n<figure class=\"wp-block-gallery has-nested-images columns-2 is-cropped wp-block-gallery-1 is-layout-flex wp-block-gallery-is-layout-flex\">\n<figure class=\"wp-block-image size-large\"><img fetchpriority=\"high\" decoding=\"async\" width=\"1024\" height=\"770\" data-id=\"3353\" src=\"https:\/\/viapribina.sk\/wp-content\/uploads\/2026\/03\/Omezeni-03-2026-1-1-1024x770.jpg\" alt=\"\" class=\"wp-image-3353\" srcset=\"https:\/\/viapribina.sk\/wp-content\/uploads\/2026\/03\/Omezeni-03-2026-1-1-1024x770.jpg 1024w, https:\/\/viapribina.sk\/wp-content\/uploads\/2026\/03\/Omezeni-03-2026-1-1-300x226.jpg 300w, https:\/\/viapribina.sk\/wp-content\/uploads\/2026\/03\/Omezeni-03-2026-1-1-768x578.jpg 768w, https:\/\/viapribina.sk\/wp-content\/uploads\/2026\/03\/Omezeni-03-2026-1-1-1536x1156.jpg 1536w, https:\/\/viapribina.sk\/wp-content\/uploads\/2026\/03\/Omezeni-03-2026-1-1-16x12.jpg 16w, https:\/\/viapribina.sk\/wp-content\/uploads\/2026\/03\/Omezeni-03-2026-1-1-32x24.jpg 32w, https:\/\/viapribina.sk\/wp-content\/uploads\/2026\/03\/Omezeni-03-2026-1-1-36x27.jpg 36w, https:\/\/viapribina.sk\/wp-content\/uploads\/2026\/03\/Omezeni-03-2026-1-1-48x36.jpg 48w, https:\/\/viapribina.sk\/wp-content\/uploads\/2026\/03\/Omezeni-03-2026-1-1.jpg 1595w\" sizes=\"(max-width: 1024px) 100vw, 1024px\" \/><\/figure>\n\n\n\n<figure class=\"wp-block-image size-large\"><img decoding=\"async\" width=\"1024\" height=\"770\" data-id=\"3354\" src=\"https:\/\/viapribina.sk\/wp-content\/uploads\/2026\/03\/Omezeni-03-2026-2-1-1024x770.jpg\" alt=\"\" class=\"wp-image-3354\" srcset=\"https:\/\/viapribina.sk\/wp-content\/uploads\/2026\/03\/Omezeni-03-2026-2-1-1024x770.jpg 1024w, https:\/\/viapribina.sk\/wp-content\/uploads\/2026\/03\/Omezeni-03-2026-2-1-300x226.jpg 300w, https:\/\/viapribina.sk\/wp-content\/uploads\/2026\/03\/Omezeni-03-2026-2-1-768x578.jpg 768w, https:\/\/viapribina.sk\/wp-content\/uploads\/2026\/03\/Omezeni-03-2026-2-1-1536x1156.jpg 1536w, https:\/\/viapribina.sk\/wp-content\/uploads\/2026\/03\/Omezeni-03-2026-2-1-16x12.jpg 16w, https:\/\/viapribina.sk\/wp-content\/uploads\/2026\/03\/Omezeni-03-2026-2-1-32x24.jpg 32w, https:\/\/viapribina.sk\/wp-content\/uploads\/2026\/03\/Omezeni-03-2026-2-1-36x27.jpg 36w, https:\/\/viapribina.sk\/wp-content\/uploads\/2026\/03\/Omezeni-03-2026-2-1-48x36.jpg 48w, https:\/\/viapribina.sk\/wp-content\/uploads\/2026\/03\/Omezeni-03-2026-2-1.jpg 1595w\" sizes=\"(max-width: 1024px) 100vw, 1024px\" \/><\/figure>\n\n\n\n<figure class=\"wp-block-image size-large\"><img decoding=\"async\" width=\"1024\" height=\"770\" data-id=\"3356\" src=\"https:\/\/viapribina.sk\/wp-content\/uploads\/2026\/03\/Omezeni-03-2026-3-1-1024x770.jpg\" alt=\"\" class=\"wp-image-3356\" srcset=\"https:\/\/viapribina.sk\/wp-content\/uploads\/2026\/03\/Omezeni-03-2026-3-1-1024x770.jpg 1024w, https:\/\/viapribina.sk\/wp-content\/uploads\/2026\/03\/Omezeni-03-2026-3-1-300x226.jpg 300w, https:\/\/viapribina.sk\/wp-content\/uploads\/2026\/03\/Omezeni-03-2026-3-1-768x578.jpg 768w, https:\/\/viapribina.sk\/wp-content\/uploads\/2026\/03\/Omezeni-03-2026-3-1-1536x1156.jpg 1536w, https:\/\/viapribina.sk\/wp-content\/uploads\/2026\/03\/Omezeni-03-2026-3-1-16x12.jpg 16w, https:\/\/viapribina.sk\/wp-content\/uploads\/2026\/03\/Omezeni-03-2026-3-1-32x24.jpg 32w, https:\/\/viapribina.sk\/wp-content\/uploads\/2026\/03\/Omezeni-03-2026-3-1-36x27.jpg 36w, https:\/\/viapribina.sk\/wp-content\/uploads\/2026\/03\/Omezeni-03-2026-3-1-48x36.jpg 48w, https:\/\/viapribina.sk\/wp-content\/uploads\/2026\/03\/Omezeni-03-2026-3-1.jpg 1595w\" sizes=\"(max-width: 1024px) 100vw, 1024px\" \/><\/figure>\n\n\n\n<figure class=\"wp-block-image size-large\"><img loading=\"lazy\" decoding=\"async\" width=\"1024\" height=\"770\" data-id=\"3355\" src=\"https:\/\/viapribina.sk\/wp-content\/uploads\/2026\/03\/Omezeni-03-2026-4-1-1024x770.jpg\" alt=\"\" class=\"wp-image-3355\" srcset=\"https:\/\/viapribina.sk\/wp-content\/uploads\/2026\/03\/Omezeni-03-2026-4-1-1024x770.jpg 1024w, https:\/\/viapribina.sk\/wp-content\/uploads\/2026\/03\/Omezeni-03-2026-4-1-300x226.jpg 300w, https:\/\/viapribina.sk\/wp-content\/uploads\/2026\/03\/Omezeni-03-2026-4-1-768x578.jpg 768w, https:\/\/viapribina.sk\/wp-content\/uploads\/2026\/03\/Omezeni-03-2026-4-1-1536x1156.jpg 1536w, https:\/\/viapribina.sk\/wp-content\/uploads\/2026\/03\/Omezeni-03-2026-4-1-16x12.jpg 16w, https:\/\/viapribina.sk\/wp-content\/uploads\/2026\/03\/Omezeni-03-2026-4-1-32x24.jpg 32w, https:\/\/viapribina.sk\/wp-content\/uploads\/2026\/03\/Omezeni-03-2026-4-1-36x27.jpg 36w, https:\/\/viapribina.sk\/wp-content\/uploads\/2026\/03\/Omezeni-03-2026-4-1-48x36.jpg 48w, https:\/\/viapribina.sk\/wp-content\/uploads\/2026\/03\/Omezeni-03-2026-4-1.jpg 1595w\" sizes=\"(max-width: 1024px) 100vw, 1024px\" \/><\/figure>\n\n\n\n<figure class=\"wp-block-image size-large\"><img loading=\"lazy\" decoding=\"async\" width=\"1024\" height=\"770\" data-id=\"3358\" src=\"https:\/\/viapribina.sk\/wp-content\/uploads\/2026\/03\/Omezeni-03-2026-5-1-1024x770.jpg\" alt=\"\" class=\"wp-image-3358\" srcset=\"https:\/\/viapribina.sk\/wp-content\/uploads\/2026\/03\/Omezeni-03-2026-5-1-1024x770.jpg 1024w, https:\/\/viapribina.sk\/wp-content\/uploads\/2026\/03\/Omezeni-03-2026-5-1-300x226.jpg 300w, https:\/\/viapribina.sk\/wp-content\/uploads\/2026\/03\/Omezeni-03-2026-5-1-768x578.jpg 768w, https:\/\/viapribina.sk\/wp-content\/uploads\/2026\/03\/Omezeni-03-2026-5-1-1536x1156.jpg 1536w, https:\/\/viapribina.sk\/wp-content\/uploads\/2026\/03\/Omezeni-03-2026-5-1-16x12.jpg 16w, https:\/\/viapribina.sk\/wp-content\/uploads\/2026\/03\/Omezeni-03-2026-5-1-32x24.jpg 32w, https:\/\/viapribina.sk\/wp-content\/uploads\/2026\/03\/Omezeni-03-2026-5-1-36x27.jpg 36w, https:\/\/viapribina.sk\/wp-content\/uploads\/2026\/03\/Omezeni-03-2026-5-1-48x36.jpg 48w, https:\/\/viapribina.sk\/wp-content\/uploads\/2026\/03\/Omezeni-03-2026-5-1.jpg 1595w\" sizes=\"(max-width: 1024px) 100vw, 1024px\" \/><\/figure>\n\n\n\n<figure class=\"wp-block-image size-large\"><img loading=\"lazy\" decoding=\"async\" width=\"1024\" height=\"770\" data-id=\"3357\" src=\"https:\/\/viapribina.sk\/wp-content\/uploads\/2026\/03\/Omezeni-03-2026-6-1-1024x770.jpg\" alt=\"\" class=\"wp-image-3357\" srcset=\"https:\/\/viapribina.sk\/wp-content\/uploads\/2026\/03\/Omezeni-03-2026-6-1-1024x770.jpg 1024w, https:\/\/viapribina.sk\/wp-content\/uploads\/2026\/03\/Omezeni-03-2026-6-1-300x226.jpg 300w, https:\/\/viapribina.sk\/wp-content\/uploads\/2026\/03\/Omezeni-03-2026-6-1-768x578.jpg 768w, https:\/\/viapribina.sk\/wp-content\/uploads\/2026\/03\/Omezeni-03-2026-6-1-1536x1156.jpg 1536w, https:\/\/viapribina.sk\/wp-content\/uploads\/2026\/03\/Omezeni-03-2026-6-1-16x12.jpg 16w, https:\/\/viapribina.sk\/wp-content\/uploads\/2026\/03\/Omezeni-03-2026-6-1-32x24.jpg 32w, https:\/\/viapribina.sk\/wp-content\/uploads\/2026\/03\/Omezeni-03-2026-6-1-36x27.jpg 36w, https:\/\/viapribina.sk\/wp-content\/uploads\/2026\/03\/Omezeni-03-2026-6-1-48x36.jpg 48w, https:\/\/viapribina.sk\/wp-content\/uploads\/2026\/03\/Omezeni-03-2026-6-1.jpg 1595w\" sizes=\"(max-width: 1024px) 100vw, 1024px\" \/><\/figure>\n<\/figure>\n\n\n\n<figure class=\"wp-block-gallery has-nested-images columns-default is-cropped wp-block-gallery-2 is-layout-flex wp-block-gallery-is-layout-flex\">\n<figure class=\"wp-block-image size-large\"><img loading=\"lazy\" decoding=\"async\" width=\"717\" height=\"1024\" data-id=\"3359\" src=\"https:\/\/viapribina.sk\/wp-content\/uploads\/2026\/03\/Info-cedule_Dakujeme_2500\u00d72000-2-717x1024.jpg\" alt=\"\" class=\"wp-image-3359\" srcset=\"https:\/\/viapribina.sk\/wp-content\/uploads\/2026\/03\/Info-cedule_Dakujeme_2500\u00d72000-2-717x1024.jpg 717w, https:\/\/viapribina.sk\/wp-content\/uploads\/2026\/03\/Info-cedule_Dakujeme_2500\u00d72000-2-210x300.jpg 210w, https:\/\/viapribina.sk\/wp-content\/uploads\/2026\/03\/Info-cedule_Dakujeme_2500\u00d72000-2-768x1097.jpg 768w, https:\/\/viapribina.sk\/wp-content\/uploads\/2026\/03\/Info-cedule_Dakujeme_2500\u00d72000-2-8x12.jpg 8w, https:\/\/viapribina.sk\/wp-content\/uploads\/2026\/03\/Info-cedule_Dakujeme_2500\u00d72000-2-17x24.jpg 17w, https:\/\/viapribina.sk\/wp-content\/uploads\/2026\/03\/Info-cedule_Dakujeme_2500\u00d72000-2-25x36.jpg 25w, https:\/\/viapribina.sk\/wp-content\/uploads\/2026\/03\/Info-cedule_Dakujeme_2500\u00d72000-2-34x48.jpg 34w, https:\/\/viapribina.sk\/wp-content\/uploads\/2026\/03\/Info-cedule_Dakujeme_2500\u00d72000-2.jpg 827w\" sizes=\"(max-width: 717px) 100vw, 717px\" \/><\/figure>\n\n\n\n<figure class=\"wp-block-image size-large\"><img loading=\"lazy\" decoding=\"async\" width=\"717\" height=\"1024\" data-id=\"3360\" src=\"https:\/\/viapribina.sk\/wp-content\/uploads\/2026\/03\/Info-cedule_Pracuju-tu_2500\u00d72000-2-717x1024.jpg\" alt=\"\" class=\"wp-image-3360\" srcset=\"https:\/\/viapribina.sk\/wp-content\/uploads\/2026\/03\/Info-cedule_Pracuju-tu_2500\u00d72000-2-717x1024.jpg 717w, https:\/\/viapribina.sk\/wp-content\/uploads\/2026\/03\/Info-cedule_Pracuju-tu_2500\u00d72000-2-210x300.jpg 210w, https:\/\/viapribina.sk\/wp-content\/uploads\/2026\/03\/Info-cedule_Pracuju-tu_2500\u00d72000-2-768x1097.jpg 768w, https:\/\/viapribina.sk\/wp-content\/uploads\/2026\/03\/Info-cedule_Pracuju-tu_2500\u00d72000-2-8x12.jpg 8w, https:\/\/viapribina.sk\/wp-content\/uploads\/2026\/03\/Info-cedule_Pracuju-tu_2500\u00d72000-2-17x24.jpg 17w, https:\/\/viapribina.sk\/wp-content\/uploads\/2026\/03\/Info-cedule_Pracuju-tu_2500\u00d72000-2-25x36.jpg 25w, https:\/\/viapribina.sk\/wp-content\/uploads\/2026\/03\/Info-cedule_Pracuju-tu_2500\u00d72000-2-34x48.jpg 34w, https:\/\/viapribina.sk\/wp-content\/uploads\/2026\/03\/Info-cedule_Pracuju-tu_2500\u00d72000-2.jpg 827w\" sizes=\"(max-width: 717px) 100vw, 717px\" \/><\/figure>\n\n\n\n<figure class=\"wp-block-image size-large\"><img loading=\"lazy\" decoding=\"async\" width=\"723\" height=\"1024\" data-id=\"3361\" src=\"https:\/\/viapribina.sk\/wp-content\/uploads\/2026\/03\/VP-Info-cedule-2_700\u00d71000-TISK_page-0001-2-723x1024.jpg\" alt=\"\" class=\"wp-image-3361\" srcset=\"https:\/\/viapribina.sk\/wp-content\/uploads\/2026\/03\/VP-Info-cedule-2_700\u00d71000-TISK_page-0001-2-723x1024.jpg 723w, https:\/\/viapribina.sk\/wp-content\/uploads\/2026\/03\/VP-Info-cedule-2_700\u00d71000-TISK_page-0001-2-212x300.jpg 212w, https:\/\/viapribina.sk\/wp-content\/uploads\/2026\/03\/VP-Info-cedule-2_700\u00d71000-TISK_page-0001-2-768x1088.jpg 768w, https:\/\/viapribina.sk\/wp-content\/uploads\/2026\/03\/VP-Info-cedule-2_700\u00d71000-TISK_page-0001-2-1084x1536.jpg 1084w, https:\/\/viapribina.sk\/wp-content\/uploads\/2026\/03\/VP-Info-cedule-2_700\u00d71000-TISK_page-0001-2-1446x2048.jpg 1446w, https:\/\/viapribina.sk\/wp-content\/uploads\/2026\/03\/VP-Info-cedule-2_700\u00d71000-TISK_page-0001-2-8x12.jpg 8w, https:\/\/viapribina.sk\/wp-content\/uploads\/2026\/03\/VP-Info-cedule-2_700\u00d71000-TISK_page-0001-2-17x24.jpg 17w, https:\/\/viapribina.sk\/wp-content\/uploads\/2026\/03\/VP-Info-cedule-2_700\u00d71000-TISK_page-0001-2-25x36.jpg 25w, https:\/\/viapribina.sk\/wp-content\/uploads\/2026\/03\/VP-Info-cedule-2_700\u00d71000-TISK_page-0001-2-34x48.jpg 34w, https:\/\/viapribina.sk\/wp-content\/uploads\/2026\/03\/VP-Info-cedule-2_700\u00d71000-TISK_page-0001-2-scaled.jpg 1807w\" sizes=\"(max-width: 723px) 100vw, 723px\" \/><\/figure>\n<\/figure>","protected":false},"excerpt":{"rendered":"<p>TRAFFIC RESTRICTIONS \u2013 R1 Via Pribina Change alert: The start of construction works at the Nitra \u2013 West, Lehota interchange has been postponed to April&hellip;<\/p>","protected":false},"author":1,"featured_media":0,"parent":0,"menu_order":0,"comment_status":"closed","ping_status":"closed","template":"","meta":{"footnotes":""},"class_list":["post-3352","page","type-page","status-publish","hentry"],"yoast_head":"<!-- This site is optimized with the Yoast SEO plugin v27.4 - https:\/\/yoast.com\/product\/yoast-seo-wordpress\/ -->\n<title>Closures - viapribina<\/title>\n<meta name=\"robots\" content=\"index, follow, max-snippet:-1, max-image-preview:large, max-video-preview:-1\" \/>\n<link rel=\"canonical\" href=\"https:\/\/viapribina.sk\/en\/closures\/\" \/>\n<meta property=\"og:locale\" content=\"en_GB\" \/>\n<meta property=\"og:type\" content=\"article\" \/>\n<meta property=\"og:title\" content=\"Closures - viapribina\" \/>\n<meta property=\"og:description\" content=\"TRAFFIC RESTRICTIONS \u2013 R1 Via Pribina Change alert: The start of construction works at the Nitra \u2013 West, Lehota interchange has been postponed to April&hellip;\" \/>\n<meta property=\"og:url\" content=\"https:\/\/viapribina.sk\/en\/closures\/\" \/>\n<meta property=\"og:site_name\" content=\"viapribina\" \/>\n<meta property=\"article:publisher\" content=\"https:\/\/www.facebook.com\/pr1bina\" \/>\n<meta property=\"article:modified_time\" content=\"2026-04-15T06:01:03+00:00\" \/>\n<meta property=\"og:image\" content=\"https:\/\/viapribina.sk\/wp-content\/uploads\/2026\/03\/Omezeni-03-2026-1-1.jpg\" \/>\n\t<meta property=\"og:image:width\" content=\"1595\" \/>\n\t<meta property=\"og:image:height\" content=\"1200\" \/>\n\t<meta property=\"og:image:type\" content=\"image\/jpeg\" \/>\n<meta name=\"twitter:card\" content=\"summary_large_image\" \/>\n<meta name=\"twitter:label1\" content=\"Estimated reading time\" \/>\n\t<meta name=\"twitter:data1\" content=\"1 minute\" \/>\n<script type=\"application\/ld+json\" class=\"yoast-schema-graph\">{\"@context\":\"https:\\\/\\\/schema.org\",\"@graph\":[{\"@type\":\"WebPage\",\"@id\":\"https:\\\/\\\/viapribina.sk\\\/en\\\/closures\\\/\",\"url\":\"https:\\\/\\\/viapribina.sk\\\/en\\\/closures\\\/\",\"name\":\"Closures - viapribina\",\"isPartOf\":{\"@id\":\"https:\\\/\\\/viapribina.sk\\\/en\\\/#website\"},\"primaryImageOfPage\":{\"@id\":\"https:\\\/\\\/viapribina.sk\\\/en\\\/closures\\\/#primaryimage\"},\"image\":{\"@id\":\"https:\\\/\\\/viapribina.sk\\\/en\\\/closures\\\/#primaryimage\"},\"thumbnailUrl\":\"https:\\\/\\\/viapribina.sk\\\/wp-content\\\/uploads\\\/2026\\\/03\\\/Omezeni-03-2026-1-1-1024x770.jpg\",\"datePublished\":\"2026-03-31T09:34:11+00:00\",\"dateModified\":\"2026-04-15T06:01:03+00:00\",\"breadcrumb\":{\"@id\":\"https:\\\/\\\/viapribina.sk\\\/en\\\/closures\\\/#breadcrumb\"},\"inLanguage\":\"en-GB\",\"potentialAction\":[{\"@type\":\"ReadAction\",\"target\":[\"https:\\\/\\\/viapribina.sk\\\/en\\\/closures\\\/\"]}]},{\"@type\":\"ImageObject\",\"inLanguage\":\"en-GB\",\"@id\":\"https:\\\/\\\/viapribina.sk\\\/en\\\/closures\\\/#primaryimage\",\"url\":\"https:\\\/\\\/viapribina.sk\\\/wp-content\\\/uploads\\\/2026\\\/03\\\/Omezeni-03-2026-1-1-1024x770.jpg\",\"contentUrl\":\"https:\\\/\\\/viapribina.sk\\\/wp-content\\\/uploads\\\/2026\\\/03\\\/Omezeni-03-2026-1-1-1024x770.jpg\"},{\"@type\":\"BreadcrumbList\",\"@id\":\"https:\\\/\\\/viapribina.sk\\\/en\\\/closures\\\/#breadcrumb\",\"itemListElement\":[{\"@type\":\"ListItem\",\"position\":1,\"name\":\"Home\",\"item\":\"https:\\\/\\\/viapribina.sk\\\/en\\\/\"},{\"@type\":\"ListItem\",\"position\":2,\"name\":\"Closures\"}]},{\"@type\":\"WebSite\",\"@id\":\"https:\\\/\\\/viapribina.sk\\\/en\\\/#website\",\"url\":\"https:\\\/\\\/viapribina.sk\\\/en\\\/\",\"name\":\"viapribina\",\"description\":\"Ste na dobrej ceste\",\"publisher\":{\"@id\":\"https:\\\/\\\/viapribina.sk\\\/en\\\/#organization\"},\"potentialAction\":[{\"@type\":\"SearchAction\",\"target\":{\"@type\":\"EntryPoint\",\"urlTemplate\":\"https:\\\/\\\/viapribina.sk\\\/en\\\/?s={search_term_string}\"},\"query-input\":{\"@type\":\"PropertyValueSpecification\",\"valueRequired\":true,\"valueName\":\"search_term_string\"}}],\"inLanguage\":\"en-GB\"},{\"@type\":\"Organization\",\"@id\":\"https:\\\/\\\/viapribina.sk\\\/en\\\/#organization\",\"name\":\"Granvia, a.s.\",\"url\":\"https:\\\/\\\/viapribina.sk\\\/en\\\/\",\"logo\":{\"@type\":\"ImageObject\",\"inLanguage\":\"en-GB\",\"@id\":\"https:\\\/\\\/viapribina.sk\\\/en\\\/#\\\/schema\\\/logo\\\/image\\\/\",\"url\":\"https:\\\/\\\/pr1bina.sk\\\/wp-content\\\/uploads\\\/2022\\\/02\\\/logo.jpg\",\"contentUrl\":\"https:\\\/\\\/pr1bina.sk\\\/wp-content\\\/uploads\\\/2022\\\/02\\\/logo.jpg\",\"width\":180,\"height\":41,\"caption\":\"Granvia, a.s.\"},\"image\":{\"@id\":\"https:\\\/\\\/viapribina.sk\\\/en\\\/#\\\/schema\\\/logo\\\/image\\\/\"},\"sameAs\":[\"https:\\\/\\\/www.facebook.com\\\/pr1bina\",\"https:\\\/\\\/www.linkedin.com\\\/company\\\/pr1bina\"]}]}<\/script>\n<!-- \/ Yoast SEO plugin. -->","yoast_head_json":{"title":"Closures - viapribina","robots":{"index":"index","follow":"follow","max-snippet":"max-snippet:-1","max-image-preview":"max-image-preview:large","max-video-preview":"max-video-preview:-1"},"canonical":"https:\/\/viapribina.sk\/en\/closures\/","og_locale":"en_GB","og_type":"article","og_title":"Closures - viapribina","og_description":"TRAFFIC RESTRICTIONS \u2013 R1 Via Pribina Change alert: The start of construction works at the Nitra \u2013 West, Lehota interchange has been postponed to April&hellip;","og_url":"https:\/\/viapribina.sk\/en\/closures\/","og_site_name":"viapribina","article_publisher":"https:\/\/www.facebook.com\/pr1bina","article_modified_time":"2026-04-15T06:01:03+00:00","og_image":[{"width":1595,"height":1200,"url":"https:\/\/viapribina.sk\/wp-content\/uploads\/2026\/03\/Omezeni-03-2026-1-1.jpg","type":"image\/jpeg"}],"twitter_card":"summary_large_image","twitter_misc":{"Estimated reading time":"1 minute"},"schema":{"@context":"https:\/\/schema.org","@graph":[{"@type":"WebPage","@id":"https:\/\/viapribina.sk\/en\/closures\/","url":"https:\/\/viapribina.sk\/en\/closures\/","name":"Closures - viapribina","isPartOf":{"@id":"https:\/\/viapribina.sk\/en\/#website"},"primaryImageOfPage":{"@id":"https:\/\/viapribina.sk\/en\/closures\/#primaryimage"},"image":{"@id":"https:\/\/viapribina.sk\/en\/closures\/#primaryimage"},"thumbnailUrl":"https:\/\/viapribina.sk\/wp-content\/uploads\/2026\/03\/Omezeni-03-2026-1-1-1024x770.jpg","datePublished":"2026-03-31T09:34:11+00:00","dateModified":"2026-04-15T06:01:03+00:00","breadcrumb":{"@id":"https:\/\/viapribina.sk\/en\/closures\/#breadcrumb"},"inLanguage":"en-GB","potentialAction":[{"@type":"ReadAction","target":["https:\/\/viapribina.sk\/en\/closures\/"]}]},{"@type":"ImageObject","inLanguage":"en-GB","@id":"https:\/\/viapribina.sk\/en\/closures\/#primaryimage","url":"https:\/\/viapribina.sk\/wp-content\/uploads\/2026\/03\/Omezeni-03-2026-1-1-1024x770.jpg","contentUrl":"https:\/\/viapribina.sk\/wp-content\/uploads\/2026\/03\/Omezeni-03-2026-1-1-1024x770.jpg"},{"@type":"BreadcrumbList","@id":"https:\/\/viapribina.sk\/en\/closures\/#breadcrumb","itemListElement":[{"@type":"ListItem","position":1,"name":"Home","item":"https:\/\/viapribina.sk\/en\/"},{"@type":"ListItem","position":2,"name":"Closures"}]},{"@type":"WebSite","@id":"https:\/\/viapribina.sk\/en\/#website","url":"https:\/\/viapribina.sk\/en\/","name":"viapribina","description":"Ste na dobrej ceste","publisher":{"@id":"https:\/\/viapribina.sk\/en\/#organization"},"potentialAction":[{"@type":"SearchAction","target":{"@type":"EntryPoint","urlTemplate":"https:\/\/viapribina.sk\/en\/?s={search_term_string}"},"query-input":{"@type":"PropertyValueSpecification","valueRequired":true,"valueName":"search_term_string"}}],"inLanguage":"en-GB"},{"@type":"Organization","@id":"https:\/\/viapribina.sk\/en\/#organization","name":"Granvia, a.s.","url":"https:\/\/viapribina.sk\/en\/","logo":{"@type":"ImageObject","inLanguage":"en-GB","@id":"https:\/\/viapribina.sk\/en\/#\/schema\/logo\/image\/","url":"https:\/\/pr1bina.sk\/wp-content\/uploads\/2022\/02\/logo.jpg","contentUrl":"https:\/\/pr1bina.sk\/wp-content\/uploads\/2022\/02\/logo.jpg","width":180,"height":41,"caption":"Granvia, a.s."},"image":{"@id":"https:\/\/viapribina.sk\/en\/#\/schema\/logo\/image\/"},"sameAs":["https:\/\/www.facebook.com\/pr1bina","https:\/\/www.linkedin.com\/company\/pr1bina"]}]}},"_links":{"self":[{"href":"https:\/\/viapribina.sk\/en\/wp-json\/wp\/v2\/pages\/3352","targetHints":{"allow":["GET"]}}],"collection":[{"href":"https:\/\/viapribina.sk\/en\/wp-json\/wp\/v2\/pages"}],"about":[{"href":"https:\/\/viapribina.sk\/en\/wp-json\/wp\/v2\/types\/page"}],"author":[{"embeddable":true,"href":"https:\/\/viapribina.sk\/en\/wp-json\/wp\/v2\/users\/1"}],"replies":[{"embeddable":true,"href":"https:\/\/viapribina.sk\/en\/wp-json\/wp\/v2\/comments?post=3352"}],"version-history":[{"count":4,"href":"https:\/\/viapribina.sk\/en\/wp-json\/wp\/v2\/pages\/3352\/revisions"}],"predecessor-version":[{"id":3381,"href":"https:\/\/viapribina.sk\/en\/wp-json\/wp\/v2\/pages\/3352\/revisions\/3381"}],"wp:attachment":[{"href":"https:\/\/viapribina.sk\/en\/wp-json\/wp\/v2\/media?parent=3352"}],"curies":[{"name":"wp","href":"https:\/\/api.w.org\/{rel}","templated":true}]}}